{"id":466,"date":"2018-06-21T17:06:53","date_gmt":"2018-06-21T17:06:53","guid":{"rendered":"http:\/\/www.sguygauthier.com\/dev\/?page_id=466"},"modified":"2023-08-04T16:01:04","modified_gmt":"2023-08-04T16:01:04","slug":"contact_us","status":"publish","type":"page","link":"https:\/\/www.sguygauthier.com\/en\/contact_us\/","title":{"rendered":"Contact Us"},"content":{"rendered":"<div class=\"av_gmaps_sc_main_wrap av_gmaps_main_wrap\"><div id='av_gmap_0' class='avia-google-map-container avia-google-map-sc av_gmaps_show_unconditionally av-no-fallback-img ' data-mapid='av_gmap_0'  style='height: 400px;'><a class=\"av_gmaps_browser_disabled av_text_confirm_link av_text_confirm_link_visible\" href=\"https:\/\/www.google.com\/maps\/search\/?api=1&#038;query=1700%20boul.%20Hymus%20H9P2N6%20Dorval%20QC%20Canada\" target=\"_blank\">Maps were disabled by the visitor on this site.<\/a><\/div><\/div>\n<\/div><\/div><\/div><!-- close content main div --><\/div><\/div><div id='av_section_1' class='avia-section main_color avia-section-default avia-no-border-styling avia-bg-style-scroll   container_wrap sidebar_right' style = 'background-color: #efbb20; background-image: '  ><div class='container' ><div class='template-page content  av-content-small alpha units'><div class='post-entry post-entry-type-page post-entry-466'><div class='entry-content-wrapper clearfix'>\n<div class='flex_column_table av-equal-height-column-flextable -flextable' ><div class=\"flex_column av_one_full  av-animated-generic left-to-right  flex_column_table_cell av-equal-height-column av-align-middle av-zero-column-padding first  \" style='border-radius:0px; '><div style='padding-bottom:0px; color:#ffffff;font-size:30px;' class='av-special-heading av-special-heading-h4 custom-color-heading blockquote modern-quote  av-inherit-size '><h4 class='av-special-heading-tag '  itemprop=\"headline\"  >Our company owes its origins to a large auction firm of heavy equipment in Quebec. His expertise led Mr. S. Guy Gauthier to become a pioneer in the field of machinery and equipment appraisal in Canada.<\/h4><div class='special-heading-border'><div class='special-heading-inner-border' style='border-color:#ffffff'><\/div><\/div><\/div><\/div><\/div><!--close column table wrapper. Autoclose: 1 -->\n<\/div><\/div><\/div><!-- close content main div --><\/div><\/div><div id='after_section_1' class='main_color av_default_container_wrap container_wrap sidebar_right'   ><div class='container' ><div class='template-page content  av-content-small alpha units'><div class='post-entry post-entry-type-page post-entry-466'><div class='entry-content-wrapper clearfix'>\n<div style='padding-bottom:10px; ' class='av-special-heading av-special-heading-h3  blockquote modern-quote   '><h3 class='av-special-heading-tag '  itemprop=\"headline\"  >Contact Us<\/h3><div class='special-heading-border'><div class='special-heading-inner-border' ><\/div><\/div><\/div>\n<div style=' margin-top:5px; margin-bottom:35px;'  class='hr hr-custom hr-center hr-icon-no  '><span class='hr-inner   inner-border-av-border-fat' style=' width:50px; border-color:#e83231;' ><span class='hr-inner-style'><\/span><\/span><\/div>\n<div class=\"flex_column av_one_fourth  flex_column_div av-zero-column-padding first  \" style='border-radius:0px; '><section class=\"av_textblock_section \"  itemscope=\"itemscope\" itemtype=\"https:\/\/schema.org\/CreativeWork\" ><div class='avia_textblock  '   itemprop=\"text\" >\n<div class=\"wpcf7 no-js\" id=\"wpcf7-f762-o1\" lang=\"fr-FR\" dir=\"ltr\">\n<div class=\"screen-reader-response\"><p role=\"status\" aria-live=\"polite\" aria-atomic=\"true\"><\/p> <ul><\/ul><\/div>\n<form action=\"\/en\/wp-json\/wp\/v2\/pages\/466#wpcf7-f762-o1\" method=\"post\" class=\"wpcf7-form init\" aria-label=\"Formulaire de contact\" novalidate=\"novalidate\" data-status=\"init\">\n<div style=\"display: none;\">\n<input type=\"hidden\" name=\"_wpcf7\" value=\"762\" \/>\n<input type=\"hidden\" name=\"_wpcf7_version\" value=\"5.8\" \/>\n<input type=\"hidden\" name=\"_wpcf7_locale\" value=\"fr_FR\" \/>\n<input type=\"hidden\" name=\"_wpcf7_unit_tag\" value=\"wpcf7-f762-o1\" \/>\n<input type=\"hidden\" name=\"_wpcf7_container_post\" value=\"0\" \/>\n<input type=\"hidden\" name=\"_wpcf7_posted_data_hash\" value=\"\" \/>\n<input type=\"hidden\" name=\"_wpcf7_recaptcha_response\" value=\"\" \/>\n<\/div>\n<p><label> Name<br \/>\n<span class=\"wpcf7-form-control-wrap\" data-name=\"your-name\"><input size=\"40\" class=\"wpcf7-form-control wpcf7-text wpcf7-validates-as-required\" autocomplete=\"name\" aria-required=\"true\" aria-invalid=\"false\" value=\"\" type=\"text\" name=\"your-name\" \/><\/span> <\/label>\n<\/p>\n<p><label> E-mail<br \/>\n<span class=\"wpcf7-form-control-wrap\" data-name=\"your-email\"><input size=\"40\" class=\"wpcf7-form-control wpcf7-email wpcf7-validates-as-required wpcf7-text wpcf7-validates-as-email\" autocomplete=\"email\" aria-required=\"true\" aria-invalid=\"false\" value=\"\" type=\"email\" name=\"your-email\" \/><\/span> <\/label>\n<\/p>\n<p><label> Subjet<br \/>\n<span class=\"wpcf7-form-control-wrap\" data-name=\"your-subject\"><input size=\"40\" class=\"wpcf7-form-control wpcf7-text wpcf7-validates-as-required\" aria-required=\"true\" aria-invalid=\"false\" value=\"\" type=\"text\" name=\"your-subject\" \/><\/span> <\/label>\n<\/p>\n<p><label> Message<br \/>\n<span class=\"wpcf7-form-control-wrap\" data-name=\"your-message\"><textarea cols=\"40\" rows=\"10\" class=\"wpcf7-form-control wpcf7-textarea\" aria-invalid=\"false\" name=\"your-message\"><\/textarea><\/span> <\/label>\n<\/p>\n<p><input class=\"wpcf7-form-control wpcf7-submit has-spinner\" type=\"submit\" value=\"Send\" \/>\n<\/p><div class=\"wpcf7-response-output\" aria-hidden=\"true\"><\/div>\n<\/form>\n<\/div>\n\n<\/div><\/section><\/div><div class=\"flex_column av_one_fourth  flex_column_div av-zero-column-padding   \" style='border-radius:0px; '><section class='avia-team-member  '  itemscope=\"itemscope\" itemtype=\"https:\/\/schema.org\/Person\" ><div class='team-img-container'><img class='avia_image avia_image_team av-team-img-original' src='http:\/\/www.sguygauthier.com\/wp-content\/uploads\/2018\/06\/SGauthier-214x300.jpg' alt='S. Guy Gauthier'  itemprop=\"image\"  \/><\/div><h3 class='team-member-name'   itemprop=\"name\" >S. Guy Gauthier<\/h3><div class='team-member-job-title '   itemprop=\"jobTitle\" >\u00c9valuateur S\u00e9nior<\/div><span class='hidden team-member-affiliation'  itemprop=\"affiliation\" >S Guy Gauthier \u00c9valuateur - Services d&#039;\u00c9valuation<\/span><\/section><\/div><\/p>\n<div class=\"flex_column av_one_fourth  flex_column_div av-zero-column-padding   \" style='border-radius:0px; '><section class='avia-team-member  '  itemscope=\"itemscope\" itemtype=\"https:\/\/schema.org\/Person\" ><div class='team-img-container'><img class='avia_image avia_image_team av-team-img-original' src='http:\/\/www.sguygauthier.com\/wp-content\/uploads\/2018\/06\/MA_Martel-214x300.jpg' alt='Marc-Antoine Martel, ASA'  itemprop=\"image\"  \/><\/div><h3 class='team-member-name'   itemprop=\"name\" >Marc-Antoine Martel, ASA<\/h3><div class='team-member-job-title '   itemprop=\"jobTitle\" >\u00c9valuateur S\u00e9nior accr\u00e9dit\u00e9 de<br \/>\nl\u2019American Society of Appraisers (ASA)<\/div><span class='hidden team-member-affiliation'  itemprop=\"affiliation\" >S Guy Gauthier \u00c9valuateur - Services d&#039;\u00c9valuation<\/span><\/section><\/div>\n<div class=\"flex_column av_one_fourth  flex_column_div av-zero-column-padding   \" style='border-radius:0px; '><section class='avia-team-member  '  itemscope=\"itemscope\" itemtype=\"https:\/\/schema.org\/Person\" ><div class='team-img-container'><img class='avia_image avia_image_team av-team-img-original' src='http:\/\/www.sguygauthier.com\/wp-content\/uploads\/2020\/06\/Dupuis-Louis-214x300-1.jpg' alt='Louis Dupuis, B.Sc.\u00c9.'  itemprop=\"image\"  \/><div class='team-social'><div class='team-social-inner'><span class='hidden av_member_url_markup  linkedin'  itemprop=\"url\" >https:\/\/www.linkedin.com\/in\/marcantoinemartel<\/span><a rel='v:url' data-avia-tooltip=\"LinkedIn\" target='_blank' class=' linkedin avia-team-icon ' href='https:\/\/www.linkedin.com\/in\/marcantoinemartel' aria-hidden='true' data-av_icon='\ue8fd' data-av_iconfont='entypo-fontello'><\/a><span class='hidden av_member_url_markup  plus-google'  itemprop=\"url\" >https:\/\/plus.google.com\/118256122058060458828<\/span><a rel='v:url' data-avia-tooltip=\"Google +\" target='_blank' class=' plus-google avia-team-icon ' href='https:\/\/plus.google.com\/118256122058060458828' aria-hidden='true' data-av_icon='\ue8f7' data-av_iconfont='entypo-fontello'><\/a><\/div><\/div><\/div><h3 class='team-member-name'   itemprop=\"name\" >Louis Dupuis, B.Sc.\u00c9.<\/h3><div class='team-member-job-title '   itemprop=\"jobTitle\" >Associate<\/div><span class='hidden team-member-affiliation'  itemprop=\"affiliation\" >S Guy Gauthier \u00c9valuateur - Services d&#039;\u00c9valuation<\/span><\/section><\/div>\n","protected":false},"excerpt":{"rendered":"","protected":false},"author":2,"featured_media":0,"parent":0,"menu_order":0,"comment_status":"closed","ping_status":"closed","template":"","meta":{"footnotes":""},"_links":{"self":[{"href":"https:\/\/www.sguygauthier.com\/en\/wp-json\/wp\/v2\/pages\/466"}],"collection":[{"href":"https:\/\/www.sguygauthier.com\/en\/wp-json\/wp\/v2\/pages"}],"about":[{"href":"https:\/\/www.sguygauthier.com\/en\/wp-json\/wp\/v2\/types\/page"}],"author":[{"embeddable":true,"href":"https:\/\/www.sguygauthier.com\/en\/wp-json\/wp\/v2\/users\/2"}],"replies":[{"embeddable":true,"href":"https:\/\/www.sguygauthier.com\/en\/wp-json\/wp\/v2\/comments?post=466"}],"version-history":[{"count":25,"href":"https:\/\/www.sguygauthier.com\/en\/wp-json\/wp\/v2\/pages\/466\/revisions"}],"predecessor-version":[{"id":769,"href":"https:\/\/www.sguygauthier.com\/en\/wp-json\/wp\/v2\/pages\/466\/revisions\/769"}],"wp:attachment":[{"href":"https:\/\/www.sguygauthier.com\/en\/wp-json\/wp\/v2\/media?parent=466"}],"curies":[{"name":"wp","href":"https:\/\/api.w.org\/{rel}","templated":true}]}}